{"id":1584,"date":"2025-02-12T15:04:40","date_gmt":"2025-02-12T14:04:40","guid":{"rendered":"https:\/\/kloegt.com\/supervision\/"},"modified":"2025-03-23T22:33:58","modified_gmt":"2025-03-23T21:33:58","slug":"grupper-og-teams","status":"publish","type":"page","link":"https:\/\/kloegt.com\/en\/grupper-og-teams\/","title":{"rendered":"Groups and teams"},"content":{"rendered":"<div data-elementor-type=\"wp-page\" data-elementor-id=\"1584\" class=\"elementor elementor-1584\" data-elementor-post-type=\"page\">\n\t\t\t\t<div class=\"elementor-element elementor-element-4194cee e-con-full e-flex e-con e-parent\" data-id=\"4194cee\" data-element_type=\"container\" data-e-type=\"container\" data-settings=\"{&quot;background_background&quot;:&quot;video&quot;,&quot;jet_parallax_layout_list&quot;:[],&quot;background_video_link&quot;:&quot;https:\\\/\\\/kloegt.com\\\/wp-content\\\/uploads\\\/Kloegt_2000px.mp4&quot;,&quot;background_play_on_mobile&quot;:&quot;yes&quot;}\">\n\t\t<div class=\"elementor-background-video-container\">\n\t\t\t\t\t\t\t<video class=\"elementor-background-video-hosted\" role=\"presentation\" autoplay muted playsinline loop><\/video>\n\t\t\t\t\t<\/div>\t\t<\/div>\n\t\t<div class=\"elementor-element elementor-element-3447939 e-con-full e-flex e-con e-parent\" data-id=\"3447939\" data-element_type=\"container\" data-e-type=\"container\" data-settings=\"{&quot;jet_parallax_layout_list&quot;:[]}\">\n\t\t<div class=\"elementor-element elementor-element-7f4209e e-con-full e-flex e-con e-child\" data-id=\"7f4209e\" data-element_type=\"container\" data-e-type=\"container\" data-settings=\"{&quot;background_background&quot;:&quot;classic&quot;,&quot;jet_parallax_layout_list&quot;:[]}\">\n\t\t\t\t<div class=\"elementor-element elementor-element-d4eafb3 elementor-widget elementor-widget-heading\" data-id=\"d4eafb3\" data-element_type=\"widget\" data-e-type=\"widget\" data-widget_type=\"heading.default\">\n\t\t\t\t<div class=\"elementor-widget-container\">\n\t\t\t\t\t<h6 class=\"elementor-heading-title elementor-size-default\">We empower teams and groups to strengthen their collective skills and professional growth<\/h6>\t\t\t\t<\/div>\n\t\t\t\t<\/div>\n\t\t\t\t<\/div>\n\t\t<div class=\"elementor-element elementor-element-9df4b82 e-con-full elementor-hidden-mobile e-flex e-con e-child\" data-id=\"9df4b82\" data-element_type=\"container\" data-e-type=\"container\" data-settings=\"{&quot;jet_parallax_layout_list&quot;:[]}\">\n\t\t\t\t<\/div>\n\t\t\t\t<\/div>\n\t\t<div class=\"elementor-element elementor-element-19353fe e-flex e-con-boxed e-con e-parent\" data-id=\"19353fe\" data-element_type=\"container\" data-e-type=\"container\" data-settings=\"{&quot;background_background&quot;:&quot;classic&quot;,&quot;jet_parallax_layout_list&quot;:[]}\">\n\t\t\t\t\t<div class=\"e-con-inner\">\n\t\t\t\t<div class=\"elementor-element elementor-element-a822f58 elementor-widget elementor-widget-heading\" data-id=\"a822f58\" data-element_type=\"widget\" data-e-type=\"widget\" data-widget_type=\"heading.default\">\n\t\t\t\t<div class=\"elementor-widget-container\">\n\t\t\t\t\t<h2 class=\"elementor-heading-title elementor-size-default\">What we offer<\/h2>\t\t\t\t<\/div>\n\t\t\t\t<\/div>\n\t\t<div class=\"elementor-element elementor-element-71f89d6 e-grid e-con-full e-con e-child\" data-id=\"71f89d6\" data-element_type=\"container\" data-e-type=\"container\" data-settings=\"{&quot;jet_parallax_layout_list&quot;:[]}\">\n\t\t<div class=\"elementor-element elementor-element-a9e88c5 e-con-full e-flex e-con e-child\" data-id=\"a9e88c5\" data-element_type=\"container\" data-e-type=\"container\" data-settings=\"{&quot;jet_parallax_layout_list&quot;:[]}\">\n\t\t\t\t<div class=\"elementor-element elementor-element-6927c76 elementor-view-default elementor-widget elementor-widget-icon\" data-id=\"6927c76\" data-element_type=\"widget\" data-e-type=\"widget\" data-widget_type=\"icon.default\">\n\t\t\t\t<div class=\"elementor-widget-container\">\n\t\t\t\t\t\t\t<div class=\"elementor-icon-wrapper\">\n\t\t\t<div class=\"elementor-icon\">\n\t\t\t<i aria-hidden=\"true\" class=\"fal fa-user-check\"><\/i>\t\t\t<\/div>\n\t\t<\/div>\n\t\t\t\t\t\t<\/div>\n\t\t\t\t<\/div>\n\t\t\t\t<div class=\"elementor-element elementor-element-9d67a6b elementor-widget__width-initial elementor-widget elementor-widget-n-accordion\" data-id=\"9d67a6b\" data-element_type=\"widget\" data-e-type=\"widget\" data-settings=\"{&quot;default_state&quot;:&quot;all_collapsed&quot;,&quot;max_items_expended&quot;:&quot;one&quot;,&quot;n_accordion_animation_duration&quot;:{&quot;unit&quot;:&quot;ms&quot;,&quot;size&quot;:400,&quot;sizes&quot;:[]}}\" data-widget_type=\"nested-accordion.default\">\n\t\t\t\t<div class=\"elementor-widget-container\">\n\t\t\t\t\t\t\t<div class=\"e-n-accordion\" aria-label=\"Leadership coaching and sparring\">\n\t\t\t\t\t\t<details id=\"e-n-accordion-item-1650\" class=\"e-n-accordion-item\" >\n\t\t\t\t<summary class=\"e-n-accordion-item-title\" data-accordion-index=\"1\" tabindex=\"0\" aria-expanded=\"false\" aria-controls=\"e-n-accordion-item-1650\" >\n\t\t\t\t\t<span class='e-n-accordion-item-title-header'><div class=\"e-n-accordion-item-title-text\"> Supervision <\/div><\/span>\n\t\t\t\t\t\t\t<span class='e-n-accordion-item-title-icon'>\n\t\t\t<span class='e-opened' ><i aria-hidden=\"true\" class=\"fal fa-angle-up\"><\/i><\/span>\n\t\t\t<span class='e-closed'><i aria-hidden=\"true\" class=\"fal fa-angle-down\"><\/i><\/span>\n\t\t<\/span>\n\n\t\t\t\t\t\t<\/summary>\n\t\t\t\t<div role=\"region\" aria-labelledby=\"e-n-accordion-item-1650\" class=\"elementor-element elementor-element-7a11ef1 e-con-full e-flex e-con e-child\" data-id=\"7a11ef1\" data-element_type=\"container\" data-e-type=\"container\" data-settings=\"{&quot;jet_parallax_layout_list&quot;:[]}\">\n\t\t\t\t<div class=\"elementor-element elementor-element-c22b7e4 elementor-widget elementor-widget-text-editor\" data-id=\"c22b7e4\" data-element_type=\"widget\" data-e-type=\"widget\" data-widget_type=\"text-editor.default\">\n\t\t\t\t<div class=\"elementor-widget-container\">\n\t\t\t\t\t\t\t\t\t<p><span class=\"TextRun SCXW233534475 BCX0\" lang=\"DA-DK\" xml:lang=\"DA-DK\" data-contrast=\"auto\"><span class=\"NormalTextRun SCXW233534475 BCX0\">We provide tailored supervision for psychologists undergoing authorization <\/span><span class=\"NormalTextRun SCXW233534475 BCX0\">and other<\/span><span class=\"NormalTextRun SCXW233534475 BCX0\"> professionals. Our programs combine individual<\/span><span class=\"NormalTextRun SCXW233534475 BCX0\">&#8211;<\/span><span class=\"NormalTextRun SCXW233534475 BCX0\"> and group supervision, focusing on both <\/span><span class=\"NormalTextRun SCXW233534475 BCX0\">professional<\/span><span class=\"NormalTextRun SCXW233534475 BCX0\">&#8211;<\/span><span class=\"NormalTextRun SCXW233534475 BCX0\">and<\/span><span class=\"NormalTextRun SCXW233534475 BCX0\"> personal growth. The lenght and structure are adapted to your needs. <\/span><span class=\"NormalTextRun SCXW233534475 BCX0\">Take the next step in your <\/span><span class=\"NormalTextRun SCXW233534475 BCX0\">development with professional <\/span><span class=\"NormalTextRun SCXW233534475 BCX0\">and goal-oriented <\/span><span class=\"NormalTextRun SCXW233534475 BCX0\">supervision<\/span><span class=\"NormalTextRun SCXW233534475 BCX0\">.<\/span><\/span><span class=\"EOP SCXW233534475 BCX0\" data-ccp-props=\"{}\">\u00a0<\/span><\/p>\t\t\t\t\t\t\t\t<\/div>\n\t\t\t\t<\/div>\n\t\t\t\t<\/div>\n\t\t\t\t\t<\/details>\n\t\t\t\t\t<\/div>\n\t\t\t\t\t\t<\/div>\n\t\t\t\t<\/div>\n\t\t\t\t<\/div>\n\t\t<div class=\"elementor-element elementor-element-dac7ccc e-con-full e-flex e-con e-child\" data-id=\"dac7ccc\" data-element_type=\"container\" data-e-type=\"container\" data-settings=\"{&quot;jet_parallax_layout_list&quot;:[]}\">\n\t\t\t\t<div class=\"elementor-element elementor-element-bdc8f14 elementor-view-default elementor-widget elementor-widget-icon\" data-id=\"bdc8f14\" data-element_type=\"widget\" data-e-type=\"widget\" data-widget_type=\"icon.default\">\n\t\t\t\t<div class=\"elementor-widget-container\">\n\t\t\t\t\t\t\t<div class=\"elementor-icon-wrapper\">\n\t\t\t<div class=\"elementor-icon\">\n\t\t\t<i aria-hidden=\"true\" class=\"fal fa-users\"><\/i>\t\t\t<\/div>\n\t\t<\/div>\n\t\t\t\t\t\t<\/div>\n\t\t\t\t<\/div>\n\t\t\t\t<div class=\"elementor-element elementor-element-950ad7e elementor-widget__width-initial elementor-widget elementor-widget-n-accordion\" data-id=\"950ad7e\" data-element_type=\"widget\" data-e-type=\"widget\" data-settings=\"{&quot;default_state&quot;:&quot;all_collapsed&quot;,&quot;max_items_expended&quot;:&quot;one&quot;,&quot;n_accordion_animation_duration&quot;:{&quot;unit&quot;:&quot;ms&quot;,&quot;size&quot;:400,&quot;sizes&quot;:[]}}\" data-widget_type=\"nested-accordion.default\">\n\t\t\t\t<div class=\"elementor-widget-container\">\n\t\t\t\t\t\t\t<div class=\"e-n-accordion\" aria-label=\"Leadership coaching and sparring\">\n\t\t\t\t\t\t<details id=\"e-n-accordion-item-1560\" class=\"e-n-accordion-item\" >\n\t\t\t\t<summary class=\"e-n-accordion-item-title\" data-accordion-index=\"1\" tabindex=\"0\" aria-expanded=\"false\" aria-controls=\"e-n-accordion-item-1560\" >\n\t\t\t\t\t<span class='e-n-accordion-item-title-header'><div class=\"e-n-accordion-item-title-text\"> Group coaching <\/div><\/span>\n\t\t\t\t\t\t\t<span class='e-n-accordion-item-title-icon'>\n\t\t\t<span class='e-opened' ><i aria-hidden=\"true\" class=\"fal fa-angle-up\"><\/i><\/span>\n\t\t\t<span class='e-closed'><i aria-hidden=\"true\" class=\"fal fa-angle-down\"><\/i><\/span>\n\t\t<\/span>\n\n\t\t\t\t\t\t<\/summary>\n\t\t\t\t<div role=\"region\" aria-labelledby=\"e-n-accordion-item-1560\" class=\"elementor-element elementor-element-43c604d e-con-full e-flex e-con e-child\" data-id=\"43c604d\" data-element_type=\"container\" data-e-type=\"container\" data-settings=\"{&quot;jet_parallax_layout_list&quot;:[]}\">\n\t\t\t\t<div class=\"elementor-element elementor-element-d39ac60 elementor-widget elementor-widget-text-editor\" data-id=\"d39ac60\" data-element_type=\"widget\" data-e-type=\"widget\" data-widget_type=\"text-editor.default\">\n\t\t\t\t<div class=\"elementor-widget-container\">\n\t\t\t\t\t\t\t\t\t<p><span class=\"TextRun SCXW209211492 BCX0\" lang=\"DA-DK\" xml:lang=\"DA-DK\" data-contrast=\"auto\"><span class=\"NormalTextRun SCXW209211492 BCX0\">Is your leadership team ready to reach new <\/span><span class=\"NormalTextRun SCXW209211492 BCX0\">heights?<\/span><span class=\"NormalTextRun SCXW209211492 BCX0\"> Or <\/span><span class=\"NormalTextRun SCXW209211492 BCX0\">perhaps you're <\/span><span class=\"NormalTextRun SCXW209211492 BCX0\">facing collaboration challenges <\/span><span class=\"NormalTextRun SCXW209211492 BCX0\">and<\/span><span class=\"NormalTextRun SCXW209211492 BCX0\"> need support to strengthen your psychological work environment<\/span><span class=\"NormalTextRun SCXW209211492 BCX0\">?<\/span> <span class=\"NormalTextRun SCXW209211492 BCX0\">Leadership group coaching enhances both individual skills and teamwork. Through targeted coaching, <\/span><span class=\"NormalTextRun SCXW209211492 BCX0\">you share <\/span><span class=\"NormalTextRun SCXW209211492 BCX0\">experiences, <\/span><span class=\"NormalTextRun SCXW209211492 BCX0\">overcome challenges, and achieve common goals \u2013 all within a learning and supportive environment<\/span><span class=\"NormalTextRun SCXW209211492 BCX0\">.\u00a0<\/span><\/span><span class=\"EOP SCXW209211492 BCX0\" data-ccp-props=\"{}\">\u00a0<\/span><\/p>\t\t\t\t\t\t\t\t<\/div>\n\t\t\t\t<\/div>\n\t\t\t\t<\/div>\n\t\t\t\t\t<\/details>\n\t\t\t\t\t<\/div>\n\t\t\t\t\t\t<\/div>\n\t\t\t\t<\/div>\n\t\t\t\t<\/div>\n\t\t<div class=\"elementor-element elementor-element-6a14abf e-con-full e-flex e-con e-child\" data-id=\"6a14abf\" data-element_type=\"container\" data-e-type=\"container\" data-settings=\"{&quot;jet_parallax_layout_list&quot;:[]}\">\n\t\t\t\t<div class=\"elementor-element elementor-element-5d7df3c elementor-view-default elementor-widget elementor-widget-icon\" data-id=\"5d7df3c\" data-element_type=\"widget\" data-e-type=\"widget\" data-widget_type=\"icon.default\">\n\t\t\t\t<div class=\"elementor-widget-container\">\n\t\t\t\t\t\t\t<div class=\"elementor-icon-wrapper\">\n\t\t\t<div class=\"elementor-icon\">\n\t\t\t<i aria-hidden=\"true\" class=\"fal fa-user-tie\"><\/i>\t\t\t<\/div>\n\t\t<\/div>\n\t\t\t\t\t\t<\/div>\n\t\t\t\t<\/div>\n\t\t\t\t<div class=\"elementor-element elementor-element-f9f5f99 elementor-widget__width-initial elementor-widget elementor-widget-n-accordion\" data-id=\"f9f5f99\" data-element_type=\"widget\" data-e-type=\"widget\" data-settings=\"{&quot;default_state&quot;:&quot;all_collapsed&quot;,&quot;max_items_expended&quot;:&quot;one&quot;,&quot;n_accordion_animation_duration&quot;:{&quot;unit&quot;:&quot;ms&quot;,&quot;size&quot;:400,&quot;sizes&quot;:[]}}\" data-widget_type=\"nested-accordion.default\">\n\t\t\t\t<div class=\"elementor-widget-container\">\n\t\t\t\t\t\t\t<div class=\"e-n-accordion\" aria-label=\"Leadership coaching and sparring\">\n\t\t\t\t\t\t<details id=\"e-n-accordion-item-2620\" class=\"e-n-accordion-item\" >\n\t\t\t\t<summary class=\"e-n-accordion-item-title\" data-accordion-index=\"1\" tabindex=\"0\" aria-expanded=\"false\" aria-controls=\"e-n-accordion-item-2620\" >\n\t\t\t\t\t<span class='e-n-accordion-item-title-header'><div class=\"e-n-accordion-item-title-text\"> Leadership network <\/div><\/span>\n\t\t\t\t\t\t\t<span class='e-n-accordion-item-title-icon'>\n\t\t\t<span class='e-opened' ><i aria-hidden=\"true\" class=\"fal fa-angle-up\"><\/i><\/span>\n\t\t\t<span class='e-closed'><i aria-hidden=\"true\" class=\"fal fa-angle-down\"><\/i><\/span>\n\t\t<\/span>\n\n\t\t\t\t\t\t<\/summary>\n\t\t\t\t<div role=\"region\" aria-labelledby=\"e-n-accordion-item-2620\" class=\"elementor-element elementor-element-8f14545 e-con-full e-flex e-con e-child\" data-id=\"8f14545\" data-element_type=\"container\" data-e-type=\"container\" data-settings=\"{&quot;jet_parallax_layout_list&quot;:[]}\">\n\t\t\t\t<div class=\"elementor-element elementor-element-63f0cc2 elementor-widget elementor-widget-text-editor\" data-id=\"63f0cc2\" data-element_type=\"widget\" data-e-type=\"widget\" data-widget_type=\"text-editor.default\">\n\t\t\t\t<div class=\"elementor-widget-container\">\n\t\t\t\t\t\t\t\t\t<p><span class=\"TextRun SCXW259185047 BCX0\" lang=\"DA-DK\" xml:lang=\"DA-DK\" data-contrast=\"auto\"><span class=\"NormalTextRun SCXW259185047 BCX0\">Are you a leader who often feels alone in your decision-making? Or do you want to create greater cohesion through a cross-functional leadership network in your organisation? At Kl\u00f8gt, we regularly host leadership networks where coaching, experience-sharing, and community-building strengthen your leadership skills. We also offer tailored networks that enhance both wellbeing and performance within your organisation.<\/span><\/span><span class=\"EOP SCXW259185047 BCX0\" data-ccp-props=\"{}\">\u00a0<\/span><\/p>\t\t\t\t\t\t\t\t<\/div>\n\t\t\t\t<\/div>\n\t\t\t\t<\/div>\n\t\t\t\t\t<\/details>\n\t\t\t\t\t<\/div>\n\t\t\t\t\t\t<\/div>\n\t\t\t\t<\/div>\n\t\t\t\t<\/div>\n\t\t\t\t<\/div>\n\t\t\t\t<div class=\"elementor-element elementor-element-a6769b0 elementor-mobile-align-center elementor-widget elementor-widget-button\" data-id=\"a6769b0\" data-element_type=\"widget\" data-e-type=\"widget\" data-widget_type=\"button.default\">\n\t\t\t\t<div class=\"elementor-widget-container\">\n\t\t\t\t\t\t\t\t\t<div class=\"elementor-button-wrapper\">\n\t\t\t\t\t<a class=\"elementor-button elementor-button-link elementor-size-sm elementor-animation-shrink\" href=\"mailto:kloegt@kloegt.com\">\n\t\t\t\t\t\t<span class=\"elementor-button-content-wrapper\">\n\t\t\t\t\t\t<span class=\"elementor-button-icon\">\n\t\t\t\t<i aria-hidden=\"true\" class=\"fal fa-arrow-circle-right\"><\/i>\t\t\t<\/span>\n\t\t\t\t\t\t\t\t\t<span class=\"elementor-button-text\">Get in Touch<\/span>\n\t\t\t\t\t<\/span>\n\t\t\t\t\t<\/a>\n\t\t\t\t<\/div>\n\t\t\t\t\t\t\t\t<\/div>\n\t\t\t\t<\/div>\n\t\t\t\t\t<\/div>\n\t\t\t\t<\/div>\n\t\t<div class=\"elementor-element elementor-element-5fa3ad0 e-flex e-con-boxed e-con e-parent\" data-id=\"5fa3ad0\" data-element_type=\"container\" data-e-type=\"container\" data-settings=\"{&quot;jet_parallax_layout_list&quot;:[],&quot;background_background&quot;:&quot;classic&quot;}\">\n\t\t\t\t\t<div class=\"e-con-inner\">\n\t\t\t\t<div class=\"elementor-element elementor-element-f035688 elementor-widget elementor-widget-image\" data-id=\"f035688\" data-element_type=\"widget\" data-e-type=\"widget\" data-widget_type=\"image.default\">\n\t\t\t\t<div class=\"elementor-widget-container\">\n\t\t\t\t\t\t\t\t\t\t\t\t\t\t\t<img fetchpriority=\"high\" decoding=\"async\" width=\"2000\" height=\"1334\" src=\"https:\/\/kloegt.com\/wp-content\/uploads\/2025.01.09_KLOeGT16723-grupper-og-teams.jpg\" class=\"attachment-full size-full wp-image-2127\" alt=\"\" srcset=\"https:\/\/kloegt.com\/wp-content\/uploads\/2025.01.09_KLOeGT16723-grupper-og-teams.jpg 2000w, https:\/\/kloegt.com\/wp-content\/uploads\/2025.01.09_KLOeGT16723-grupper-og-teams-300x200.jpg 300w, https:\/\/kloegt.com\/wp-content\/uploads\/2025.01.09_KLOeGT16723-grupper-og-teams-1024x683.jpg 1024w, https:\/\/kloegt.com\/wp-content\/uploads\/2025.01.09_KLOeGT16723-grupper-og-teams-768x512.jpg 768w, https:\/\/kloegt.com\/wp-content\/uploads\/2025.01.09_KLOeGT16723-grupper-og-teams-1536x1025.jpg 1536w\" sizes=\"(max-width: 2000px) 100vw, 2000px\" \/>\t\t\t\t\t\t\t\t\t\t\t\t\t\t\t<\/div>\n\t\t\t\t<\/div>\n\t\t\t\t\t<\/div>\n\t\t\t\t<\/div>\n\t\t\t\t<\/div>","protected":false},"excerpt":{"rendered":"<p>Vi underst\u00f8tter personlige og faglige kompetence-l\u00f8ft Det tilbyder vi grupper og teams Supervision Vi tilbyder skr\u00e6ddersyet supervision til psykologer i autorisationsforl\u00f8b og andre faggrupper. Vores forl\u00f8b kombinerer individuel&#8211; og gruppesupervision, med fokus p\u00e5 b\u00e5de case&#8211;arbejde og faglig samt personlig udvikling. L\u00e6ngde og struktur tilpasses dine eller jeres behov. Tag n\u00e6ste skridt i din udvikling med [&hellip;]<\/p>\n","protected":false},"author":1,"featured_media":0,"parent":0,"menu_order":0,"comment_status":"closed","ping_status":"closed","template":"","meta":{"footnotes":""},"class_list":["post-1584","page","type-page","status-publish","hentry"],"yoast_head":"<!-- This site is optimized with the Yoast SEO plugin v27.4 - https:\/\/yoast.com\/product\/yoast-seo-wordpress\/ -->\n<title>Grupper og teams - Kl\u00f8gt<\/title>\n<meta name=\"robots\" content=\"index, follow, max-snippet:-1, max-image-preview:large, max-video-preview:-1\" \/>\n<link rel=\"canonical\" href=\"https:\/\/kloegt.com\/en\/grupper-og-teams\/\" \/>\n<meta property=\"og:locale\" content=\"en_US\" \/>\n<meta property=\"og:type\" content=\"article\" \/>\n<meta property=\"og:title\" content=\"Grupper og teams - Kl\u00f8gt\" \/>\n<meta property=\"og:description\" content=\"Vi underst\u00f8tter personlige og faglige kompetence-l\u00f8ft Det tilbyder vi grupper og teams Supervision Vi tilbyder skr\u00e6ddersyet supervision til psykologer i autorisationsforl\u00f8b og andre faggrupper. Vores forl\u00f8b kombinerer individuel&#8211; og gruppesupervision, med fokus p\u00e5 b\u00e5de case&#8211;arbejde og faglig samt personlig udvikling. L\u00e6ngde og struktur tilpasses dine eller jeres behov. Tag n\u00e6ste skridt i din udvikling med [&hellip;]\" \/>\n<meta property=\"og:url\" content=\"https:\/\/kloegt.com\/en\/grupper-og-teams\/\" \/>\n<meta property=\"og:site_name\" content=\"Kl\u00f8gt\" \/>\n<meta property=\"article:modified_time\" content=\"2025-03-23T21:33:58+00:00\" \/>\n<meta property=\"og:image\" content=\"https:\/\/kloegt.com\/wp-content\/uploads\/2025.01.09_KLOeGT16723-grupper-og-teams.jpg\" \/>\n\t<meta property=\"og:image:width\" content=\"2000\" \/>\n\t<meta property=\"og:image:height\" content=\"1334\" \/>\n\t<meta property=\"og:image:type\" content=\"image\/jpeg\" \/>\n<meta name=\"twitter:card\" content=\"summary_large_image\" \/>\n<meta name=\"twitter:label1\" content=\"Est. reading time\" \/>\n\t<meta name=\"twitter:data1\" content=\"3 minutes\" \/>\n<script type=\"application\/ld+json\" class=\"yoast-schema-graph\">{\"@context\":\"https:\\\/\\\/schema.org\",\"@graph\":[{\"@type\":\"WebPage\",\"@id\":\"https:\\\/\\\/kloegt.com\\\/grupper-og-teams\\\/\",\"url\":\"https:\\\/\\\/kloegt.com\\\/grupper-og-teams\\\/\",\"name\":\"Grupper og teams - Kl\u00f8gt\",\"isPartOf\":{\"@id\":\"https:\\\/\\\/kloegt.com\\\/#website\"},\"primaryImageOfPage\":{\"@id\":\"https:\\\/\\\/kloegt.com\\\/grupper-og-teams\\\/#primaryimage\"},\"image\":{\"@id\":\"https:\\\/\\\/kloegt.com\\\/grupper-og-teams\\\/#primaryimage\"},\"thumbnailUrl\":\"https:\\\/\\\/kloegt.com\\\/wp-content\\\/uploads\\\/2025.01.09_KLOeGT16723-grupper-og-teams.jpg\",\"datePublished\":\"2025-02-12T14:04:40+00:00\",\"dateModified\":\"2025-03-23T21:33:58+00:00\",\"inLanguage\":\"en-US\",\"potentialAction\":[{\"@type\":\"ReadAction\",\"target\":[\"https:\\\/\\\/kloegt.com\\\/grupper-og-teams\\\/\"]}]},{\"@type\":\"ImageObject\",\"inLanguage\":\"en-US\",\"@id\":\"https:\\\/\\\/kloegt.com\\\/grupper-og-teams\\\/#primaryimage\",\"url\":\"https:\\\/\\\/kloegt.com\\\/wp-content\\\/uploads\\\/2025.01.09_KLOeGT16723-grupper-og-teams.jpg\",\"contentUrl\":\"https:\\\/\\\/kloegt.com\\\/wp-content\\\/uploads\\\/2025.01.09_KLOeGT16723-grupper-og-teams.jpg\"},{\"@type\":\"WebSite\",\"@id\":\"https:\\\/\\\/kloegt.com\\\/#website\",\"url\":\"https:\\\/\\\/kloegt.com\\\/\",\"name\":\"Kl\u00f8gt\",\"description\":\"\",\"publisher\":{\"@id\":\"https:\\\/\\\/kloegt.com\\\/#organization\"},\"potentialAction\":[{\"@type\":\"SearchAction\",\"target\":{\"@type\":\"EntryPoint\",\"urlTemplate\":\"https:\\\/\\\/kloegt.com\\\/?s={search_term_string}\"},\"query-input\":{\"@type\":\"PropertyValueSpecification\",\"valueRequired\":true,\"valueName\":\"search_term_string\"}}],\"inLanguage\":\"en-US\"},{\"@type\":\"Organization\",\"@id\":\"https:\\\/\\\/kloegt.com\\\/#organization\",\"name\":\"Kl\u00f8gt\",\"url\":\"https:\\\/\\\/kloegt.com\\\/\",\"logo\":{\"@type\":\"ImageObject\",\"inLanguage\":\"en-US\",\"@id\":\"https:\\\/\\\/kloegt.com\\\/#\\\/schema\\\/logo\\\/image\\\/\",\"url\":\"https:\\\/\\\/kloegt.com\\\/wp-content\\\/uploads\\\/kloegt-logo.svg\",\"contentUrl\":\"https:\\\/\\\/kloegt.com\\\/wp-content\\\/uploads\\\/kloegt-logo.svg\",\"width\":240,\"height\":49,\"caption\":\"Kl\u00f8gt\"},\"image\":{\"@id\":\"https:\\\/\\\/kloegt.com\\\/#\\\/schema\\\/logo\\\/image\\\/\"}}]}<\/script>\n<!-- \/ Yoast SEO plugin. -->","yoast_head_json":{"title":"Grupper og teams - Kl\u00f8gt","robots":{"index":"index","follow":"follow","max-snippet":"max-snippet:-1","max-image-preview":"max-image-preview:large","max-video-preview":"max-video-preview:-1"},"canonical":"https:\/\/kloegt.com\/en\/grupper-og-teams\/","og_locale":"en_US","og_type":"article","og_title":"Grupper og teams - Kl\u00f8gt","og_description":"Vi underst\u00f8tter personlige og faglige kompetence-l\u00f8ft Det tilbyder vi grupper og teams Supervision Vi tilbyder skr\u00e6ddersyet supervision til psykologer i autorisationsforl\u00f8b og andre faggrupper. Vores forl\u00f8b kombinerer individuel&#8211; og gruppesupervision, med fokus p\u00e5 b\u00e5de case&#8211;arbejde og faglig samt personlig udvikling. L\u00e6ngde og struktur tilpasses dine eller jeres behov. Tag n\u00e6ste skridt i din udvikling med [&hellip;]","og_url":"https:\/\/kloegt.com\/en\/grupper-og-teams\/","og_site_name":"Kl\u00f8gt","article_modified_time":"2025-03-23T21:33:58+00:00","og_image":[{"width":2000,"height":1334,"url":"https:\/\/kloegt.com\/wp-content\/uploads\/2025.01.09_KLOeGT16723-grupper-og-teams.jpg","type":"image\/jpeg"}],"twitter_card":"summary_large_image","twitter_misc":{"Est. reading time":"3 minutes"},"schema":{"@context":"https:\/\/schema.org","@graph":[{"@type":"WebPage","@id":"https:\/\/kloegt.com\/grupper-og-teams\/","url":"https:\/\/kloegt.com\/grupper-og-teams\/","name":"Grupper og teams - Kl\u00f8gt","isPartOf":{"@id":"https:\/\/kloegt.com\/#website"},"primaryImageOfPage":{"@id":"https:\/\/kloegt.com\/grupper-og-teams\/#primaryimage"},"image":{"@id":"https:\/\/kloegt.com\/grupper-og-teams\/#primaryimage"},"thumbnailUrl":"https:\/\/kloegt.com\/wp-content\/uploads\/2025.01.09_KLOeGT16723-grupper-og-teams.jpg","datePublished":"2025-02-12T14:04:40+00:00","dateModified":"2025-03-23T21:33:58+00:00","inLanguage":"en-US","potentialAction":[{"@type":"ReadAction","target":["https:\/\/kloegt.com\/grupper-og-teams\/"]}]},{"@type":"ImageObject","inLanguage":"en-US","@id":"https:\/\/kloegt.com\/grupper-og-teams\/#primaryimage","url":"https:\/\/kloegt.com\/wp-content\/uploads\/2025.01.09_KLOeGT16723-grupper-og-teams.jpg","contentUrl":"https:\/\/kloegt.com\/wp-content\/uploads\/2025.01.09_KLOeGT16723-grupper-og-teams.jpg"},{"@type":"WebSite","@id":"https:\/\/kloegt.com\/#website","url":"https:\/\/kloegt.com\/","name":"Kl\u00f8gt","description":"","publisher":{"@id":"https:\/\/kloegt.com\/#organization"},"potentialAction":[{"@type":"SearchAction","target":{"@type":"EntryPoint","urlTemplate":"https:\/\/kloegt.com\/?s={search_term_string}"},"query-input":{"@type":"PropertyValueSpecification","valueRequired":true,"valueName":"search_term_string"}}],"inLanguage":"en-US"},{"@type":"Organization","@id":"https:\/\/kloegt.com\/#organization","name":"Kl\u00f8gt","url":"https:\/\/kloegt.com\/","logo":{"@type":"ImageObject","inLanguage":"en-US","@id":"https:\/\/kloegt.com\/#\/schema\/logo\/image\/","url":"https:\/\/kloegt.com\/wp-content\/uploads\/kloegt-logo.svg","contentUrl":"https:\/\/kloegt.com\/wp-content\/uploads\/kloegt-logo.svg","width":240,"height":49,"caption":"Kl\u00f8gt"},"image":{"@id":"https:\/\/kloegt.com\/#\/schema\/logo\/image\/"}}]}},"_links":{"self":[{"href":"https:\/\/kloegt.com\/en\/wp-json\/wp\/v2\/pages\/1584","targetHints":{"allow":["GET"]}}],"collection":[{"href":"https:\/\/kloegt.com\/en\/wp-json\/wp\/v2\/pages"}],"about":[{"href":"https:\/\/kloegt.com\/en\/wp-json\/wp\/v2\/types\/page"}],"author":[{"embeddable":true,"href":"https:\/\/kloegt.com\/en\/wp-json\/wp\/v2\/users\/1"}],"replies":[{"embeddable":true,"href":"https:\/\/kloegt.com\/en\/wp-json\/wp\/v2\/comments?post=1584"}],"version-history":[{"count":20,"href":"https:\/\/kloegt.com\/en\/wp-json\/wp\/v2\/pages\/1584\/revisions"}],"predecessor-version":[{"id":2767,"href":"https:\/\/kloegt.com\/en\/wp-json\/wp\/v2\/pages\/1584\/revisions\/2767"}],"wp:attachment":[{"href":"https:\/\/kloegt.com\/en\/wp-json\/wp\/v2\/media?parent=1584"}],"curies":[{"name":"wp","href":"https:\/\/api.w.org\/{rel}","templated":true}]}}