{"id":1600,"date":"2025-02-12T15:04:43","date_gmt":"2025-02-12T14:04:43","guid":{"rendered":"https:\/\/kloegt.com\/kontakt-2\/"},"modified":"2025-03-24T13:57:54","modified_gmt":"2025-03-24T12:57:54","slug":"kontakt","status":"publish","type":"page","link":"https:\/\/kloegt.com\/en\/kontakt\/","title":{"rendered":"Get in Touch"},"content":{"rendered":"<div data-elementor-type=\"wp-post\" data-elementor-id=\"1600\" class=\"elementor elementor-1600\" data-elementor-post-type=\"page\">\n\t\t\t\t<div class=\"elementor-element elementor-element-d1dd9b5 e-con-full e-flex e-con e-parent\" data-id=\"d1dd9b5\" data-element_type=\"container\" data-e-type=\"container\" data-settings=\"{&quot;background_background&quot;:&quot;classic&quot;,&quot;jet_parallax_layout_list&quot;:[]}\">\n\t\t\t\t<\/div>\n\t\t<div class=\"elementor-element elementor-element-32a26b0 e-con-full e-flex e-con e-parent\" data-id=\"32a26b0\" data-element_type=\"container\" data-e-type=\"container\" data-settings=\"{&quot;jet_parallax_layout_list&quot;:[]}\">\n\t\t<div class=\"elementor-element elementor-element-3928f59 e-con-full e-flex e-con e-child\" data-id=\"3928f59\" data-element_type=\"container\" data-e-type=\"container\" data-settings=\"{&quot;background_background&quot;:&quot;classic&quot;,&quot;jet_parallax_layout_list&quot;:[]}\">\n\t\t\t\t<div class=\"elementor-element elementor-element-6efe42c elementor-widget elementor-widget-heading\" data-id=\"6efe42c\" data-element_type=\"widget\" data-e-type=\"widget\" data-widget_type=\"heading.default\">\n\t\t\t\t<div class=\"elementor-widget-container\">\n\t\t\t\t\t<h6 class=\"elementor-heading-title elementor-size-default\">Do you need assistance?<\/h6>\t\t\t\t<\/div>\n\t\t\t\t<\/div>\n\t\t\t\t<div class=\"elementor-element elementor-element-f6bc154 elementor-invisible elementor-widget elementor-widget-heading\" data-id=\"f6bc154\" data-element_type=\"widget\" data-e-type=\"widget\" data-settings=\"{&quot;_animation&quot;:&quot;fadeInDown&quot;}\" data-widget_type=\"heading.default\">\n\t\t\t\t<div class=\"elementor-widget-container\">\n\t\t\t\t\t<h1 class=\"elementor-heading-title elementor-size-default\">Get in Touch<\/h1>\t\t\t\t<\/div>\n\t\t\t\t<\/div>\n\t\t\t\t<div class=\"elementor-element elementor-element-381df49 elementor-widget elementor-widget-text-editor\" data-id=\"381df49\" data-element_type=\"widget\" data-e-type=\"widget\" data-widget_type=\"text-editor.default\">\n\t\t\t\t<div class=\"elementor-widget-container\">\n\t\t\t\t\t\t\t\t\t<h5>We would be delighted to meet you and your organisation at your location. Additionally, we offer online sessions as well as onsite sessions at our selected locations in Copenhagen, Vejle, and Aarhus.<\/h5>\t\t\t\t\t\t\t\t<\/div>\n\t\t\t\t<\/div>\n\t\t\t\t<\/div>\n\t\t<div class=\"elementor-element elementor-element-abdb2c6 e-con-full elementor-hidden-mobile e-flex e-con e-child\" data-id=\"abdb2c6\" data-element_type=\"container\" data-e-type=\"container\" data-settings=\"{&quot;jet_parallax_layout_list&quot;:[]}\">\n\t\t\t\t<\/div>\n\t\t\t\t<\/div>\n\t\t<div class=\"elementor-element elementor-element-3f9e0fc0 e-flex e-con-boxed e-con e-parent\" data-id=\"3f9e0fc0\" data-element_type=\"container\" data-e-type=\"container\" data-settings=\"{&quot;background_background&quot;:&quot;classic&quot;,&quot;jet_parallax_layout_list&quot;:[]}\">\n\t\t\t\t\t<div class=\"e-con-inner\">\n\t\t<div class=\"elementor-element elementor-element-587fadc1 e-con-full e-flex e-con e-child\" data-id=\"587fadc1\" data-element_type=\"container\" data-e-type=\"container\" data-settings=\"{&quot;jet_parallax_layout_list&quot;:[]}\">\n\t\t<div class=\"elementor-element elementor-element-f4e4ded e-con-full e-flex e-con e-child\" data-id=\"f4e4ded\" data-element_type=\"container\" data-e-type=\"container\" data-settings=\"{&quot;jet_parallax_layout_list&quot;:[]}\">\n\t\t<div class=\"elementor-element elementor-element-0299cd3 e-con-full e-flex e-con e-child\" data-id=\"0299cd3\" data-element_type=\"container\" data-e-type=\"container\" data-settings=\"{&quot;jet_parallax_layout_list&quot;:[]}\">\n\t\t\t\t<div class=\"elementor-element elementor-element-69115ef elementor-widget elementor-widget-heading\" data-id=\"69115ef\" data-element_type=\"widget\" data-e-type=\"widget\" data-widget_type=\"heading.default\">\n\t\t\t\t<div class=\"elementor-widget-container\">\n\t\t\t\t\t<h4 class=\"elementor-heading-title elementor-size-default\">Anne Sofie Fedders<\/h4>\t\t\t\t<\/div>\n\t\t\t\t<\/div>\n\t\t\t\t<div class=\"elementor-element elementor-element-e251591 elementor-align-center elementor-icon-list--layout-traditional elementor-list-item-link-full_width elementor-widget elementor-widget-icon-list\" data-id=\"e251591\" data-element_type=\"widget\" data-e-type=\"widget\" data-widget_type=\"icon-list.default\">\n\t\t\t\t<div class=\"elementor-widget-container\">\n\t\t\t\t\t\t\t<ul class=\"elementor-icon-list-items\">\n\t\t\t\t\t\t\t<li class=\"elementor-icon-list-item\">\n\t\t\t\t\t\t\t\t\t\t\t<a href=\"tel:%20+45%2030%2014%2030%2021\">\n\n\t\t\t\t\t\t\t\t\t\t\t\t<span class=\"elementor-icon-list-icon\">\n\t\t\t\t\t\t\t<i aria-hidden=\"true\" class=\"fas fa-phone-rotary\"><\/i>\t\t\t\t\t\t<\/span>\n\t\t\t\t\t\t\t\t\t\t<span class=\"elementor-icon-list-text\">+45 30 14 30 21<\/span>\n\t\t\t\t\t\t\t\t\t\t\t<\/a>\n\t\t\t\t\t\t\t\t\t<\/li>\n\t\t\t\t\t\t\t\t<li class=\"elementor-icon-list-item\">\n\t\t\t\t\t\t\t\t\t\t\t<a href=\"mailto:kloegt@kloegt.com\">\n\n\t\t\t\t\t\t\t\t\t\t\t\t<span class=\"elementor-icon-list-icon\">\n\t\t\t\t\t\t\t<i aria-hidden=\"true\" class=\"fas fa-comment\"><\/i>\t\t\t\t\t\t<\/span>\n\t\t\t\t\t\t\t\t\t\t<span class=\"elementor-icon-list-text\">kloegt@kloegt.com<\/span>\n\t\t\t\t\t\t\t\t\t\t\t<\/a>\n\t\t\t\t\t\t\t\t\t<\/li>\n\t\t\t\t\t\t\t\t<li class=\"elementor-icon-list-item\">\n\t\t\t\t\t\t\t\t\t\t\t<a href=\"http:\/\/www.linkedin.com\/in\/annesofiefedders\" target=\"_blank\">\n\n\t\t\t\t\t\t\t\t\t\t\t\t<span class=\"elementor-icon-list-icon\">\n\t\t\t\t\t\t\t<i aria-hidden=\"true\" class=\"fab fa-linkedin-in\"><\/i>\t\t\t\t\t\t<\/span>\n\t\t\t\t\t\t\t\t\t\t<span class=\"elementor-icon-list-text\">LinkedIn<\/span>\n\t\t\t\t\t\t\t\t\t\t\t<\/a>\n\t\t\t\t\t\t\t\t\t<\/li>\n\t\t\t\t\t\t<\/ul>\n\t\t\t\t\t\t<\/div>\n\t\t\t\t<\/div>\n\t\t\t\t<\/div>\n\t\t<div class=\"elementor-element elementor-element-fa42bfc e-con-full e-flex e-con e-child\" data-id=\"fa42bfc\" data-element_type=\"container\" data-e-type=\"container\" data-settings=\"{&quot;jet_parallax_layout_list&quot;:[]}\">\n\t\t\t\t<div class=\"elementor-element elementor-element-8b4ebad elementor-widget elementor-widget-heading\" data-id=\"8b4ebad\" data-element_type=\"widget\" data-e-type=\"widget\" data-widget_type=\"heading.default\">\n\t\t\t\t<div class=\"elementor-widget-container\">\n\t\t\t\t\t<h4 class=\"elementor-heading-title elementor-size-default\">Anna-Clara Bramsen Buhl<\/h4>\t\t\t\t<\/div>\n\t\t\t\t<\/div>\n\t\t\t\t<div class=\"elementor-element elementor-element-12d9523 elementor-align-center elementor-icon-list--layout-traditional elementor-list-item-link-full_width elementor-widget elementor-widget-icon-list\" data-id=\"12d9523\" data-element_type=\"widget\" data-e-type=\"widget\" data-widget_type=\"icon-list.default\">\n\t\t\t\t<div class=\"elementor-widget-container\">\n\t\t\t\t\t\t\t<ul class=\"elementor-icon-list-items\">\n\t\t\t\t\t\t\t<li class=\"elementor-icon-list-item\">\n\t\t\t\t\t\t\t\t\t\t\t<a href=\"tel:%20+45%2022%2062%2092%2046\">\n\n\t\t\t\t\t\t\t\t\t\t\t\t<span class=\"elementor-icon-list-icon\">\n\t\t\t\t\t\t\t<i aria-hidden=\"true\" class=\"fas fa-phone-rotary\"><\/i>\t\t\t\t\t\t<\/span>\n\t\t\t\t\t\t\t\t\t\t<span class=\"elementor-icon-list-text\">+45 22 62 92 46<\/span>\n\t\t\t\t\t\t\t\t\t\t\t<\/a>\n\t\t\t\t\t\t\t\t\t<\/li>\n\t\t\t\t\t\t\t\t<li class=\"elementor-icon-list-item\">\n\t\t\t\t\t\t\t\t\t\t\t<a href=\"mailto:kloegt@kloegt.com\">\n\n\t\t\t\t\t\t\t\t\t\t\t\t<span class=\"elementor-icon-list-icon\">\n\t\t\t\t\t\t\t<i aria-hidden=\"true\" class=\"fas fa-comment\"><\/i>\t\t\t\t\t\t<\/span>\n\t\t\t\t\t\t\t\t\t\t<span class=\"elementor-icon-list-text\">kloegt@kloegt.com<\/span>\n\t\t\t\t\t\t\t\t\t\t\t<\/a>\n\t\t\t\t\t\t\t\t\t<\/li>\n\t\t\t\t\t\t\t\t<li class=\"elementor-icon-list-item\">\n\t\t\t\t\t\t\t\t\t\t\t<a href=\"https:\/\/dk.linkedin.com\/in\/anna-clara-bramsen-buhl-5a802547\" target=\"_blank\">\n\n\t\t\t\t\t\t\t\t\t\t\t\t<span class=\"elementor-icon-list-icon\">\n\t\t\t\t\t\t\t<i aria-hidden=\"true\" class=\"fab fa-linkedin-in\"><\/i>\t\t\t\t\t\t<\/span>\n\t\t\t\t\t\t\t\t\t\t<span class=\"elementor-icon-list-text\">LinkedIn<\/span>\n\t\t\t\t\t\t\t\t\t\t\t<\/a>\n\t\t\t\t\t\t\t\t\t<\/li>\n\t\t\t\t\t\t<\/ul>\n\t\t\t\t\t\t<\/div>\n\t\t\t\t<\/div>\n\t\t\t\t<\/div>\n\t\t\t\t<\/div>\n\t\t\t\t<\/div>\n\t\t\t\t\t<\/div>\n\t\t\t\t<\/div>\n\t\t<div class=\"elementor-element elementor-element-721093ee e-flex e-con-boxed e-con e-parent\" data-id=\"721093ee\" data-element_type=\"container\" data-e-type=\"container\" data-settings=\"{&quot;jet_parallax_layout_list&quot;:[],&quot;background_background&quot;:&quot;classic&quot;}\">\n\t\t\t\t\t<div class=\"e-con-inner\">\n\t\t\t\t<div class=\"elementor-element elementor-element-1ebd55e9 elementor-widget-divider--view-line elementor-widget elementor-widget-divider\" data-id=\"1ebd55e9\" data-element_type=\"widget\" data-e-type=\"widget\" data-widget_type=\"divider.default\">\n\t\t\t\t<div class=\"elementor-widget-container\">\n\t\t\t\t\t\t\t<div class=\"elementor-divider\">\n\t\t\t<span class=\"elementor-divider-separator\">\n\t\t\t\t\t\t<\/span>\n\t\t<\/div>\n\t\t\t\t\t\t<\/div>\n\t\t\t\t<\/div>\n\t\t\t\t\t<\/div>\n\t\t\t\t<\/div>\n\t\t<div class=\"elementor-element elementor-element-67045b33 e-flex e-con-boxed e-con e-parent\" data-id=\"67045b33\" data-element_type=\"container\" data-e-type=\"container\" data-settings=\"{&quot;jet_parallax_layout_list&quot;:[],&quot;background_background&quot;:&quot;classic&quot;}\">\n\t\t\t\t\t<div class=\"e-con-inner\">\n\t\t\t\t<div class=\"elementor-element elementor-element-1b248650 elementor-widget elementor-widget-image\" data-id=\"1b248650\" data-element_type=\"widget\" data-e-type=\"widget\" data-widget_type=\"image.default\">\n\t\t\t\t<div class=\"elementor-widget-container\">\n\t\t\t\t\t\t\t\t\t\t\t\t\t\t\t<img fetchpriority=\"high\" decoding=\"async\" width=\"800\" height=\"534\" src=\"https:\/\/kloegt.com\/wp-content\/uploads\/Vejle-scaled-1-1024x684.jpg\" class=\"attachment-large size-large wp-image-1601\" alt=\"\" srcset=\"https:\/\/kloegt.com\/wp-content\/uploads\/Vejle-scaled-1-1024x684.jpg 1024w, https:\/\/kloegt.com\/wp-content\/uploads\/Vejle-scaled-1-300x200.jpg 300w, https:\/\/kloegt.com\/wp-content\/uploads\/Vejle-scaled-1-768x513.jpg 768w, https:\/\/kloegt.com\/wp-content\/uploads\/Vejle-scaled-1-1536x1025.jpg 1536w, https:\/\/kloegt.com\/wp-content\/uploads\/Vejle-scaled-1.jpg 2048w\" sizes=\"(max-width: 800px) 100vw, 800px\" \/>\t\t\t\t\t\t\t\t\t\t\t\t\t\t\t<\/div>\n\t\t\t\t<\/div>\n\t\t\t\t<div class=\"elementor-element elementor-element-2b73e44e elementor-widget elementor-widget-image\" data-id=\"2b73e44e\" data-element_type=\"widget\" data-e-type=\"widget\" data-widget_type=\"image.default\">\n\t\t\t\t<div class=\"elementor-widget-container\">\n\t\t\t\t\t\t\t\t\t\t\t\t\t\t\t<img decoding=\"async\" width=\"800\" height=\"505\" src=\"https:\/\/kloegt.com\/wp-content\/uploads\/Aarhus-2-scaled-1-1024x647.jpg\" class=\"attachment-large size-large wp-image-1602\" alt=\"\" srcset=\"https:\/\/kloegt.com\/wp-content\/uploads\/Aarhus-2-scaled-1-1024x647.jpg 1024w, https:\/\/kloegt.com\/wp-content\/uploads\/Aarhus-2-scaled-1-300x190.jpg 300w, https:\/\/kloegt.com\/wp-content\/uploads\/Aarhus-2-scaled-1-768x485.jpg 768w, https:\/\/kloegt.com\/wp-content\/uploads\/Aarhus-2-scaled-1-1536x971.jpg 1536w, https:\/\/kloegt.com\/wp-content\/uploads\/Aarhus-2-scaled-1.jpg 2048w\" sizes=\"(max-width: 800px) 100vw, 800px\" \/>\t\t\t\t\t\t\t\t\t\t\t\t\t\t\t<\/div>\n\t\t\t\t<\/div>\n\t\t\t\t<div class=\"elementor-element elementor-element-7227933e elementor-widget elementor-widget-image\" data-id=\"7227933e\" data-element_type=\"widget\" data-e-type=\"widget\" data-widget_type=\"image.default\">\n\t\t\t\t<div class=\"elementor-widget-container\">\n\t\t\t\t\t\t\t\t\t\t\t\t\t\t\t<img decoding=\"async\" width=\"800\" height=\"534\" src=\"https:\/\/kloegt.com\/wp-content\/uploads\/Copenhagen-scaled-1-1024x683.jpg\" class=\"attachment-large size-large wp-image-1603\" alt=\"\" srcset=\"https:\/\/kloegt.com\/wp-content\/uploads\/Copenhagen-scaled-1-1024x683.jpg 1024w, https:\/\/kloegt.com\/wp-content\/uploads\/Copenhagen-scaled-1-300x200.jpg 300w, https:\/\/kloegt.com\/wp-content\/uploads\/Copenhagen-scaled-1-768x512.jpg 768w, https:\/\/kloegt.com\/wp-content\/uploads\/Copenhagen-scaled-1-1536x1025.jpg 1536w, https:\/\/kloegt.com\/wp-content\/uploads\/Copenhagen-scaled-1.jpg 2048w\" sizes=\"(max-width: 800px) 100vw, 800px\" \/>\t\t\t\t\t\t\t\t\t\t\t\t\t\t\t<\/div>\n\t\t\t\t<\/div>\n\t\t\t\t\t<\/div>\n\t\t\t\t<\/div>\n\t\t\t\t<\/div>","protected":false},"excerpt":{"rendered":"<p>Har du brug for hj\u00e6lp? Kontakt os Vi m\u00f8der gerne dig og din organisation, hos jer. Vi tilbyder ogs\u00e5 online-forl\u00f8b og samtaler p\u00e5 vores udvalgte lokationer i K\u00f8benhavn, Vejle og Aarhus. Anne Sofie Fedders +45 30 14 30 21 kloegt@kloegt.com LinkedIn Anna-Clara Bramsen Buhl +45 22 62 92 46 kloegt@kloegt.com LinkedIn<\/p>","protected":false},"author":1,"featured_media":0,"parent":0,"menu_order":0,"comment_status":"closed","ping_status":"closed","template":"","meta":{"footnotes":""},"class_list":["post-1600","page","type-page","status-publish","hentry"],"yoast_head":"<!-- This site is optimized with the Yoast SEO plugin v27.5 - https:\/\/yoast.com\/product\/yoast-seo-wordpress\/ -->\n<title>Kontakt - Kl\u00f8gt<\/title>\n<meta name=\"robots\" content=\"index, follow, max-snippet:-1, max-image-preview:large, max-video-preview:-1\" \/>\n<link rel=\"canonical\" href=\"https:\/\/kloegt.com\/en\/kontakt\/\" \/>\n<meta property=\"og:locale\" content=\"en_US\" \/>\n<meta property=\"og:type\" content=\"article\" \/>\n<meta property=\"og:title\" content=\"Kontakt - Kl\u00f8gt\" \/>\n<meta property=\"og:description\" content=\"Har du brug for hj\u00e6lp? Kontakt os Vi m\u00f8der gerne dig og din organisation, hos jer. Vi tilbyder ogs\u00e5 online-forl\u00f8b og samtaler p\u00e5 vores udvalgte lokationer i K\u00f8benhavn, Vejle og Aarhus. Anne Sofie Fedders +45 30 14 30 21 kloegt@kloegt.com LinkedIn Anna-Clara Bramsen Buhl +45 22 62 92 46 kloegt@kloegt.com LinkedIn\" \/>\n<meta property=\"og:url\" content=\"https:\/\/kloegt.com\/en\/kontakt\/\" \/>\n<meta property=\"og:site_name\" content=\"Kl\u00f8gt\" \/>\n<meta property=\"article:modified_time\" content=\"2025-03-24T12:57:54+00:00\" \/>\n<meta property=\"og:image\" content=\"https:\/\/kloegt.com\/wp-content\/uploads\/Vejle-scaled-1.jpg\" \/>\n\t<meta property=\"og:image:width\" content=\"2048\" \/>\n\t<meta property=\"og:image:height\" content=\"1367\" \/>\n\t<meta property=\"og:image:type\" content=\"image\/jpeg\" \/>\n<meta name=\"twitter:card\" content=\"summary_large_image\" \/>\n<meta name=\"twitter:label1\" content=\"Est. reading time\" \/>\n\t<meta name=\"twitter:data1\" content=\"1 minute\" \/>\n<script type=\"application\/ld+json\" class=\"yoast-schema-graph\">{\"@context\":\"https:\\\/\\\/schema.org\",\"@graph\":[{\"@type\":\"WebPage\",\"@id\":\"https:\\\/\\\/kloegt.com\\\/kontakt\\\/\",\"url\":\"https:\\\/\\\/kloegt.com\\\/kontakt\\\/\",\"name\":\"Kontakt - Kl\u00f8gt\",\"isPartOf\":{\"@id\":\"https:\\\/\\\/kloegt.com\\\/#website\"},\"primaryImageOfPage\":{\"@id\":\"https:\\\/\\\/kloegt.com\\\/kontakt\\\/#primaryimage\"},\"image\":{\"@id\":\"https:\\\/\\\/kloegt.com\\\/kontakt\\\/#primaryimage\"},\"thumbnailUrl\":\"https:\\\/\\\/kloegt.com\\\/wp-content\\\/uploads\\\/Vejle-scaled-1-1024x684.jpg\",\"datePublished\":\"2025-02-12T14:04:43+00:00\",\"dateModified\":\"2025-03-24T12:57:54+00:00\",\"inLanguage\":\"en-US\",\"potentialAction\":[{\"@type\":\"ReadAction\",\"target\":[\"https:\\\/\\\/kloegt.com\\\/kontakt\\\/\"]}]},{\"@type\":\"ImageObject\",\"inLanguage\":\"en-US\",\"@id\":\"https:\\\/\\\/kloegt.com\\\/kontakt\\\/#primaryimage\",\"url\":\"https:\\\/\\\/kloegt.com\\\/wp-content\\\/uploads\\\/Vejle-scaled-1-1024x684.jpg\",\"contentUrl\":\"https:\\\/\\\/kloegt.com\\\/wp-content\\\/uploads\\\/Vejle-scaled-1-1024x684.jpg\"},{\"@type\":\"WebSite\",\"@id\":\"https:\\\/\\\/kloegt.com\\\/#website\",\"url\":\"https:\\\/\\\/kloegt.com\\\/\",\"name\":\"Kl\u00f8gt\",\"description\":\"\",\"publisher\":{\"@id\":\"https:\\\/\\\/kloegt.com\\\/#organization\"},\"potentialAction\":[{\"@type\":\"SearchAction\",\"target\":{\"@type\":\"EntryPoint\",\"urlTemplate\":\"https:\\\/\\\/kloegt.com\\\/?s={search_term_string}\"},\"query-input\":{\"@type\":\"PropertyValueSpecification\",\"valueRequired\":true,\"valueName\":\"search_term_string\"}}],\"inLanguage\":\"en-US\"},{\"@type\":\"Organization\",\"@id\":\"https:\\\/\\\/kloegt.com\\\/#organization\",\"name\":\"Kl\u00f8gt\",\"url\":\"https:\\\/\\\/kloegt.com\\\/\",\"logo\":{\"@type\":\"ImageObject\",\"inLanguage\":\"en-US\",\"@id\":\"https:\\\/\\\/kloegt.com\\\/#\\\/schema\\\/logo\\\/image\\\/\",\"url\":\"https:\\\/\\\/kloegt.com\\\/wp-content\\\/uploads\\\/kloegt-logo.svg\",\"contentUrl\":\"https:\\\/\\\/kloegt.com\\\/wp-content\\\/uploads\\\/kloegt-logo.svg\",\"width\":240,\"height\":49,\"caption\":\"Kl\u00f8gt\"},\"image\":{\"@id\":\"https:\\\/\\\/kloegt.com\\\/#\\\/schema\\\/logo\\\/image\\\/\"}}]}<\/script>\n<!-- \/ Yoast SEO plugin. -->","yoast_head_json":{"title":"Kontakt - Kl\u00f8gt","robots":{"index":"index","follow":"follow","max-snippet":"max-snippet:-1","max-image-preview":"max-image-preview:large","max-video-preview":"max-video-preview:-1"},"canonical":"https:\/\/kloegt.com\/en\/kontakt\/","og_locale":"en_US","og_type":"article","og_title":"Kontakt - Kl\u00f8gt","og_description":"Har du brug for hj\u00e6lp? Kontakt os Vi m\u00f8der gerne dig og din organisation, hos jer. Vi tilbyder ogs\u00e5 online-forl\u00f8b og samtaler p\u00e5 vores udvalgte lokationer i K\u00f8benhavn, Vejle og Aarhus. Anne Sofie Fedders +45 30 14 30 21 kloegt@kloegt.com LinkedIn Anna-Clara Bramsen Buhl +45 22 62 92 46 kloegt@kloegt.com LinkedIn","og_url":"https:\/\/kloegt.com\/en\/kontakt\/","og_site_name":"Kl\u00f8gt","article_modified_time":"2025-03-24T12:57:54+00:00","og_image":[{"width":2048,"height":1367,"url":"https:\/\/kloegt.com\/wp-content\/uploads\/Vejle-scaled-1.jpg","type":"image\/jpeg"}],"twitter_card":"summary_large_image","twitter_misc":{"Est. reading time":"1 minute"},"schema":{"@context":"https:\/\/schema.org","@graph":[{"@type":"WebPage","@id":"https:\/\/kloegt.com\/kontakt\/","url":"https:\/\/kloegt.com\/kontakt\/","name":"Kontakt - Kl\u00f8gt","isPartOf":{"@id":"https:\/\/kloegt.com\/#website"},"primaryImageOfPage":{"@id":"https:\/\/kloegt.com\/kontakt\/#primaryimage"},"image":{"@id":"https:\/\/kloegt.com\/kontakt\/#primaryimage"},"thumbnailUrl":"https:\/\/kloegt.com\/wp-content\/uploads\/Vejle-scaled-1-1024x684.jpg","datePublished":"2025-02-12T14:04:43+00:00","dateModified":"2025-03-24T12:57:54+00:00","inLanguage":"en-US","potentialAction":[{"@type":"ReadAction","target":["https:\/\/kloegt.com\/kontakt\/"]}]},{"@type":"ImageObject","inLanguage":"en-US","@id":"https:\/\/kloegt.com\/kontakt\/#primaryimage","url":"https:\/\/kloegt.com\/wp-content\/uploads\/Vejle-scaled-1-1024x684.jpg","contentUrl":"https:\/\/kloegt.com\/wp-content\/uploads\/Vejle-scaled-1-1024x684.jpg"},{"@type":"WebSite","@id":"https:\/\/kloegt.com\/#website","url":"https:\/\/kloegt.com\/","name":"Kl\u00f8gt","description":"","publisher":{"@id":"https:\/\/kloegt.com\/#organization"},"potentialAction":[{"@type":"SearchAction","target":{"@type":"EntryPoint","urlTemplate":"https:\/\/kloegt.com\/?s={search_term_string}"},"query-input":{"@type":"PropertyValueSpecification","valueRequired":true,"valueName":"search_term_string"}}],"inLanguage":"en-US"},{"@type":"Organization","@id":"https:\/\/kloegt.com\/#organization","name":"Kl\u00f8gt","url":"https:\/\/kloegt.com\/","logo":{"@type":"ImageObject","inLanguage":"en-US","@id":"https:\/\/kloegt.com\/#\/schema\/logo\/image\/","url":"https:\/\/kloegt.com\/wp-content\/uploads\/kloegt-logo.svg","contentUrl":"https:\/\/kloegt.com\/wp-content\/uploads\/kloegt-logo.svg","width":240,"height":49,"caption":"Kl\u00f8gt"},"image":{"@id":"https:\/\/kloegt.com\/#\/schema\/logo\/image\/"}}]}},"_links":{"self":[{"href":"https:\/\/kloegt.com\/en\/wp-json\/wp\/v2\/pages\/1600","targetHints":{"allow":["GET"]}}],"collection":[{"href":"https:\/\/kloegt.com\/en\/wp-json\/wp\/v2\/pages"}],"about":[{"href":"https:\/\/kloegt.com\/en\/wp-json\/wp\/v2\/types\/page"}],"author":[{"embeddable":true,"href":"https:\/\/kloegt.com\/en\/wp-json\/wp\/v2\/users\/1"}],"replies":[{"embeddable":true,"href":"https:\/\/kloegt.com\/en\/wp-json\/wp\/v2\/comments?post=1600"}],"version-history":[{"count":20,"href":"https:\/\/kloegt.com\/en\/wp-json\/wp\/v2\/pages\/1600\/revisions"}],"predecessor-version":[{"id":2786,"href":"https:\/\/kloegt.com\/en\/wp-json\/wp\/v2\/pages\/1600\/revisions\/2786"}],"wp:attachment":[{"href":"https:\/\/kloegt.com\/en\/wp-json\/wp\/v2\/media?parent=1600"}],"curies":[{"name":"wp","href":"https:\/\/api.w.org\/{rel}","templated":true}]}}